{"id":109,"date":"2024-02-19T10:31:55","date_gmt":"2024-02-19T09:31:55","guid":{"rendered":"https:\/\/agamagrangesdemallorca.com\/aviso-legal\/"},"modified":"2024-02-19T14:12:49","modified_gmt":"2024-02-19T13:12:49","slug":"avis-legal","status":"publish","type":"page","link":"https:\/\/www.agamagrangesdemallorca.com\/ca\/avis-legal\/","title":{"rendered":"Avis legal"},"content":{"rendered":"\n<h2 class=\"wp-block-heading\">CONDICIONES GENERALES DE ACCESO Y USO.<\/h2>\n\n\n\n<h3 class=\"wp-block-heading\">PROPIEDAD DE LA PAGINA WEB Y SU CONTENIDO.<\/h3>\n\n\n\n<p>AGAMA MANACOR 249, S.L. (en adelante AGAMA), con CIF B66937616, domiciliada en Palma de Mallorca, calle Manacor, 249 e inscrita en el Registro Mercantil de Palma de Mallorca, al Tomo 2707, folio 201, hoja n\u00famero PM-81.431 informa a los Usuarios de la p\u00e1gina web&nbsp;<a href=\"http:\/\/www.agamagrangesdemallorca.com\/\">www.agamagrandesdemallorca.com<\/a>&nbsp;de la que es titular, de las Condiciones de Acceso y Uso de la misma.<\/p>\n\n\n\n<p>El acceso y utilizaci\u00f3n a cualquier p\u00e1gina web titularidad de AGAMA supone la aceptaci\u00f3n plena y sin reservas por parte del Usuario de las presentes Condiciones Generales de Acceso y Uso vigentes en cada momento en que el Usuario acceda a cualquiera de las citadas p\u00e1ginas web. Estas Condiciones Generales por tanto, regulan el acceso y uso de los sitios web que AGAMA pone gratuitamente a disposici\u00f3n de los Usuarios de Internet. La utilizaci\u00f3n de determinados servicios ofrecidos en alguno de los sitios web de AGAMA se puede regir adem\u00e1s por condiciones particulares previstas en cada caso, las cuales se entender\u00e1n aceptadas por el mero uso de tales servicios.<\/p>\n\n\n\n<p>Cuando el usuario accede a los sitios web de AGAMA confirma haber le\u00eddo el presente Aviso Legal. Los sitios web de AGAMA est\u00e1n destinados a Usuarios mayores de edad.<\/p>\n\n\n\n<p>AGAMA no garantiza que los contenidos de sus P\u00e1ginas sean aptos o disponibles fuera de Espa\u00f1a. En el supuesto de que todo o parte de los contenidos de las P\u00e1ginas de AGAMA sean considerados ilegales en pa\u00edses distintos a Espa\u00f1a, queda prohibido el acceso a los mismos.<\/p>\n\n\n\n<h3 class=\"wp-block-heading\">COPYRIGHT.<\/h3>\n\n\n\n<p>Los sitios web de AGAMA se rigen por las leyes espa\u00f1olas y est\u00e1n protegidos por la legislaci\u00f3n nacional e internacional sobre Propiedad Intelectual e Industrial.<\/p>\n\n\n\n<p>Los Derechos de Propiedad Intelectual e Industrial sobre toda la informaci\u00f3n contenida en sitios web de AGAMA, entre otros, dise\u00f1o gr\u00e1fico, dibujos, logotipos, im\u00e1genes, \u00edndices, textos, audios, v\u00eddeos, software, dise\u00f1o y signos identificativos, as\u00ed como sus c\u00f3digos fuente, estructura de navegaci\u00f3n, bases de datos, y todos los elementos en ellos contenidos, son titularidad de AGAMA excepto aquellos contenidos que pertenecen a terceros al que el Usuario puede acceder a trav\u00e9s de hiperv\u00ednculos.<\/p>\n\n\n\n<p>En ning\u00fan caso el acceso y uso a las P\u00e1ginas web de AGAMA por parte de los Usuarios, se podr\u00e1 considerar como que se concede licencia de uso, o derecho a ning\u00fan activo de AGAMA o sus autores leg\u00edtimos, por lo que no implicar\u00e1 una cesi\u00f3n, ni transmisi\u00f3n o cualquier tipo de renuncia de derechos de Propiedad Intelectual y\/o Industrial.<\/p>\n\n\n\n<p>Corresponde a AGAMA el ejercicio exclusivo de los derechos de explotaci\u00f3n de los contenidos de sus sitios web en cualquier forma y, en especial, los derechos de reproducci\u00f3n, distribuci\u00f3n, comunicaci\u00f3n p\u00fablica y transformaci\u00f3n.&nbsp;<\/p>\n\n\n\n<p>Queda prohibida toda reproducci\u00f3n, copia, distribuci\u00f3n transformaci\u00f3n, publicaci\u00f3n y cualquier otra actividad que pueda realizarse con la informaci\u00f3n contenida en las p\u00e1ginas web de AGAMA, as\u00ed como con su dise\u00f1o y la selecci\u00f3n y modelo de presentaci\u00f3n de los materiales incluidas en ellas, para cualquier fin y medio utilizado, sin la autorizaci\u00f3n expresa de AGAMA o el autor leg\u00edtimo.<\/p>\n\n\n\n<p>La utilizaci\u00f3n no autorizada de la informaci\u00f3n contenida en las p\u00e1ginas web de AGAMA, su modificaci\u00f3n o supresi\u00f3n de datos, as\u00ed como la lesi\u00f3n de los Derechos de Propiedad Intelectual o Industrial de AGAMA dar\u00e1 lugar a las responsabilidades legalmente establecidas.<\/p>\n\n\n\n<h3 class=\"wp-block-heading\">EXPONERACI\u00d3N DE RESPONSABILIDAD.<\/h3>\n\n\n\n<p>Todos los Usuarios de estos sitios web lo hacen bajo su propio riesgo, y al acceder a ellos aceptan utilizarlo seg\u00fan las leyes y usos de tr\u00e1fico y deber\u00e1n responder ante AGAMA u otras empresas, por cualquier da\u00f1o que pueda haber sido producido como resultado de un incumplimiento de estas obligaciones. &nbsp;<\/p>\n\n\n\n<p>Tanto el acceso a los sitios web de AGAMA como el uso que pueda hacerse de la informaci\u00f3n contenido en los mismos es de la exclusiva responsabilidad de quien lo realiza. AGAMA no responder\u00e1 de ninguna consecuencia, da\u00f1o o perjuicio que pudieran derivarse del acceso o uso de dicha informaci\u00f3n.<\/p>\n\n\n\n<p>AGAMA no se responsabiliza de los posibles errores de seguridad que puedan producirse ni de cualquier da\u00f1o o perjuicio que pueda causarse al sistema inform\u00e1tico del Usuario, los ficheros o documentos almacenados en el mismo como consecuencia del acceso a las P\u00e1ginas web de AGAMA o del uso de informaci\u00f3n o aplicaciones en ella contenidas.<\/p>\n\n\n\n<p>AGAMA no asume responsabilidad alguna derivada de la concesi\u00f3n o contenidos de los enlaces de terceros a los que se hace referencia en sus sitios web o que terceras partes hayan incluido en los hiperv\u00ednculos. El establecimiento del hiperv\u00ednculo no implica en ning\u00fan caso la existencia de relaciones entre AGAMA y el propietario de la p\u00e1gina Web en la que se establezca, ni la aceptaci\u00f3n y aprobaci\u00f3n de sus contenidos o servicios all\u00ed ofrecidos. Asimismo AGAMA no garantiza la ausencia de virus u otros elementos que puedan producir alteraciones en el sistema inform\u00e1tico, los documentos o los ficheros del Usuario, excluyendo cualquier responsabilidad por los da\u00f1os de cualquier clase causados al Usuario derivado del acceso a estos enlaces de terceros.<\/p>\n\n\n\n<h3 class=\"wp-block-heading\">FORMATO Y CAMBIOS EN EL AVISO LEGAL.<\/h3>\n\n\n\n<p>AGAMA no garantiza la idoneidad, fiabilidad, disponibilidad, oportunidad o exactitud de informaci\u00f3n o servicios contenidos en sus P\u00e1ginas web, que podr\u00e1n actualizarse, modificarse o eliminarse sin previo aviso respetando, en cualquier caso, las previsiones legales de informaci\u00f3n.<\/p>\n\n\n\n<p>AGAMA se reserva, sin necesidad de previo aviso y en cualquier momento, el derecho a suspender temporalmente el acceso a sus P\u00e1ginas web y a efectuar las modificaciones que considere oportunas de las P\u00e1ginas, de los servicios o informaciones ofrecidas, de la presentaci\u00f3n o localizaci\u00f3n de las mismas, y de las Condiciones Generales de Acceso y Uso.<\/p>\n\n\n\n<h3 class=\"wp-block-heading\">PROTECCI\u00d3N DE DATOS.<\/h3>\n\n\n\n<p>AGAMA como titular de sus sitios web, informa a los Usuarios de los mismos que es el responsable de tratamiento de datos personales que se realice mediante sus sitios web, salvo que expresamente se informe de otras condiciones en un tratamiento concreto.<\/p>\n\n\n\n<p>De conformidad con lo establecido en la legislaci\u00f3n aplicable en materia de protecci\u00f3n de datos, AGAMA respeta la privacidad de los Usuarios y el secreto y seguridad de los datos personales, adoptando para ello las medidas legales t\u00e9cnicas y organizativas necesarias para evitar la p\u00e9rdida, mal uso, alteraci\u00f3n, acceso no autorizado y robo de los datos personales facilitados, habida cuenta el estado de la tecnolog\u00eda, la naturaleza de los datos y los riesgos a los que est\u00e1n expuestos.<\/p>\n\n\n\n<p>Los datos personales de los Usuarios de los sitios web de AGAMA, solo se obtendr\u00e1n para ser tratados cuando sean adecuados, pertinentes y no excesivos en relaci\u00f3n con el \u00e1mbito y las finalidades para las que se hayan recabado. As\u00ed pues, su tratamiento se limitar\u00e1 a aquellas finalidades que en cada caso se hayan indicado a los Usuarios.&nbsp; &nbsp;<\/p>\n\n\n\n<p>Cuando se recaben datos personales a trav\u00e9s de los sitios web de AGAMA, se informar\u00e1 previamente al Usuario de forma clara e inequ\u00edvoca de las circunstancias relativas al tratamiento de sus datos, de acuerdo con las exigencias en materia de protecci\u00f3n de datos vigentes en cada momento. Asimismo, los datos personales proporcionados a trav\u00e9s de los sitios web de AGAMA se conservar\u00e1n mientras el interesado (i) no solicite su supresi\u00f3n o rectificaci\u00f3n, (ii) no se oponga a que sus datos sigan siendo tratados o, (iii) en aquellos tratamientos que requieren su autorizaci\u00f3n, no retire su consentimiento. Sin perjuicio de lo anterior, y adicionalmente a dichos plazos, los datos ser\u00e1n conservados debidamente bloqueados, a disposici\u00f3n exclusiva de los jueces y tribunales, el Ministerio Fiscal o las Administraciones P\u00fablicas competentes, en particular de las autoridades de protecci\u00f3n de datos, durante un plazo de 3 a\u00f1os para hacer frente a posibles reclamaciones que se puedan plantear por el uso que se haya hecho de ellos.<\/p>\n\n\n\n<p>AGAMA atender\u00e1 cualquier petici\u00f3n o solicitud de los interesados de ejercicio de sus derechos legalmente reconocidos, a trav\u00e9s de la siguiente direcci\u00f3n de correo postal: AGAMA. (Att. OFICINA PRIVACIDAD, calle Rossell\u00f3, 515, 08025 Barcelona as\u00ed como a trav\u00e9s de la siguiente direcci\u00f3n de correo electr\u00f3nico:&nbsp;<strong><a href=\"mailto:sac@agamalaccao.es\" target=\"_blank\" rel=\"noreferrer noopener\">sac@agamalaccao.es<\/a><\/strong><\/p>\n\n\n\n<p>El Usuario deber\u00e1 visitar la Pol\u00edtica de Privacidad de AGAMA donde encontrar\u00e1 informaci\u00f3n m\u00e1s detallada respecto la protecci\u00f3n de datos.<\/p>\n\n\n\n<h3 class=\"wp-block-heading\">LEGISLACI\u00d3N APLICABLE.<\/h3>\n\n\n\n<p>Todas las cuestiones relativas a las p\u00e1ginas web de AGAMA se regir\u00e1n por la legislaci\u00f3n espa\u00f1ola. AGAMA y los Usuarios, con renuncia expresa a cualquier otro fuero, se someten a la jurisdicci\u00f3n de los Juzgados y Tribunales de Barcelona.<\/p>\n\n\n\n<p>Toda la informaci\u00f3n que se reciba en las P\u00e1ginas web de AGAMA se considerar\u00e1 cedida a AGAMA a t\u00edtulo gratuito.<\/p>\n\n\n\n<p>A los efectos de presentaci\u00f3n de cualquier reclamaci\u00f3n, consulta o sugerencia, se podr\u00e1 realizar a trav\u00e9s del apartado de contacta de la web&nbsp;<a href=\"http:\/\/www.laccaomallorca.com\/\">www.agamagrandesdemallorca.com<\/a><\/p>\n","protected":false},"excerpt":{"rendered":"<p>CONDICIONES GENERALES DE ACCESO Y USO. PROPIEDAD DE LA PAGINA WEB Y SU CONTENIDO. AGAMA MANACOR 249, S.L. (en adelante AGAMA), con CIF B66937616, domiciliada en Palma de Mallorca, calle Manacor, 249 e inscrita en el Registro Mercantil de Palma de Mallorca, al Tomo 2707, folio 201, hoja n\u00famero PM-81.431 informa a los Usuarios de [&hellip;]<\/p>\n","protected":false},"author":1,"featured_media":0,"parent":0,"menu_order":90,"comment_status":"closed","ping_status":"closed","template":"page-legal.php","meta":{"_acf_changed":false,"inline_featured_image":false,"footnotes":""},"class_list":["post-109","page","type-page","status-publish","hentry"],"acf":[],"yoast_head":"<!-- This site is optimized with the Yoast SEO plugin v25.5 - https:\/\/yoast.com\/wordpress\/plugins\/seo\/ -->\n<title>Avis legal - AGAMA | Leche de granjas de Mallorca<\/title>\n<meta name=\"robots\" content=\"index, follow, max-snippet:-1, max-image-preview:large, max-video-preview:-1\" \/>\n<link rel=\"canonical\" href=\"https:\/\/www.agamagrangesdemallorca.com\/ca\/avis-legal\/\" \/>\n<meta property=\"og:locale\" content=\"ca_ES\" \/>\n<meta property=\"og:type\" content=\"article\" \/>\n<meta property=\"og:title\" content=\"Avis legal - AGAMA | Leche de granjas de Mallorca\" \/>\n<meta property=\"og:description\" content=\"CONDICIONES GENERALES DE ACCESO Y USO. PROPIEDAD DE LA PAGINA WEB Y SU CONTENIDO. AGAMA MANACOR 249, S.L. (en adelante AGAMA), con CIF B66937616, domiciliada en Palma de Mallorca, calle Manacor, 249 e inscrita en el Registro Mercantil de Palma de Mallorca, al Tomo 2707, folio 201, hoja n\u00famero PM-81.431 informa a los Usuarios de [&hellip;]\" \/>\n<meta property=\"og:url\" content=\"https:\/\/www.agamagrangesdemallorca.com\/ca\/avis-legal\/\" \/>\n<meta property=\"og:site_name\" content=\"AGAMA | Leche de granjas de Mallorca\" \/>\n<meta property=\"article:publisher\" content=\"https:\/\/www.facebook.com\/laccao.mallorca\" \/>\n<meta property=\"article:modified_time\" content=\"2024-02-19T13:12:49+00:00\" \/>\n<meta name=\"twitter:card\" content=\"summary_large_image\" \/>\n<script type=\"application\/ld+json\" class=\"yoast-schema-graph\">{\"@context\":\"https:\/\/schema.org\",\"@graph\":[{\"@type\":\"WebPage\",\"@id\":\"https:\/\/www.agamagrangesdemallorca.com\/ca\/avis-legal\/\",\"url\":\"https:\/\/www.agamagrangesdemallorca.com\/ca\/avis-legal\/\",\"name\":\"Avis legal - AGAMA | Leche de granjas de Mallorca\",\"isPartOf\":{\"@id\":\"https:\/\/www.agamagrangesdemallorca.com\/ca\/#website\"},\"datePublished\":\"2024-02-19T09:31:55+00:00\",\"dateModified\":\"2024-02-19T13:12:49+00:00\",\"breadcrumb\":{\"@id\":\"https:\/\/www.agamagrangesdemallorca.com\/ca\/avis-legal\/#breadcrumb\"},\"inLanguage\":\"ca\",\"potentialAction\":[{\"@type\":\"ReadAction\",\"target\":[\"https:\/\/www.agamagrangesdemallorca.com\/ca\/avis-legal\/\"]}]},{\"@type\":\"BreadcrumbList\",\"@id\":\"https:\/\/www.agamagrangesdemallorca.com\/ca\/avis-legal\/#breadcrumb\",\"itemListElement\":[{\"@type\":\"ListItem\",\"position\":1,\"name\":\"Portada\",\"item\":\"https:\/\/www.agamagrangesdemallorca.com\/ca\/\"},{\"@type\":\"ListItem\",\"position\":2,\"name\":\"Avis legal\"}]},{\"@type\":\"WebSite\",\"@id\":\"https:\/\/www.agamagrangesdemallorca.com\/ca\/#website\",\"url\":\"https:\/\/www.agamagrangesdemallorca.com\/ca\/\",\"name\":\"AGAMA | Leche de granjas de Mallorca\",\"description\":\"Desde 1958 las Granjas de Mallorca nos suministran leche reci\u00e9n orde\u00f1ada para elaborar nuestros deliciosos productos AGAMA.\",\"publisher\":{\"@id\":\"https:\/\/www.agamagrangesdemallorca.com\/ca\/#organization\"},\"potentialAction\":[{\"@type\":\"SearchAction\",\"target\":{\"@type\":\"EntryPoint\",\"urlTemplate\":\"https:\/\/www.agamagrangesdemallorca.com\/ca\/?s={search_term_string}\"},\"query-input\":{\"@type\":\"PropertyValueSpecification\",\"valueRequired\":true,\"valueName\":\"search_term_string\"}}],\"inLanguage\":\"ca\"},{\"@type\":\"Organization\",\"@id\":\"https:\/\/www.agamagrangesdemallorca.com\/ca\/#organization\",\"name\":\"AGAMA | Leche de granjas de Mallorca\",\"url\":\"https:\/\/www.agamagrangesdemallorca.com\/ca\/\",\"logo\":{\"@type\":\"ImageObject\",\"inLanguage\":\"ca\",\"@id\":\"https:\/\/www.agamagrangesdemallorca.com\/ca\/#\/schema\/logo\/image\/\",\"url\":\"https:\/\/agamagrangesdemallorca.com\/wp-content\/uploads\/2024\/02\/agama-asociacion-general-agraria-mallorquina-b.svg\",\"contentUrl\":\"https:\/\/agamagrangesdemallorca.com\/wp-content\/uploads\/2024\/02\/agama-asociacion-general-agraria-mallorquina-b.svg\",\"width\":\"1024\",\"height\":\"1024\",\"caption\":\"AGAMA | Leche de granjas de Mallorca\"},\"image\":{\"@id\":\"https:\/\/www.agamagrangesdemallorca.com\/ca\/#\/schema\/logo\/image\/\"},\"sameAs\":[\"https:\/\/www.facebook.com\/laccao.mallorca\",\"https:\/\/www.instagram.com\/agamamallorca\/\",\"https:\/\/www.pinterest.es\/laccao\/\"]}]}<\/script>\n<!-- \/ Yoast SEO plugin. -->","yoast_head_json":{"title":"Avis legal - AGAMA | Leche de granjas de Mallorca","robots":{"index":"index","follow":"follow","max-snippet":"max-snippet:-1","max-image-preview":"max-image-preview:large","max-video-preview":"max-video-preview:-1"},"canonical":"https:\/\/www.agamagrangesdemallorca.com\/ca\/avis-legal\/","og_locale":"ca_ES","og_type":"article","og_title":"Avis legal - AGAMA | Leche de granjas de Mallorca","og_description":"CONDICIONES GENERALES DE ACCESO Y USO. PROPIEDAD DE LA PAGINA WEB Y SU CONTENIDO. AGAMA MANACOR 249, S.L. (en adelante AGAMA), con CIF B66937616, domiciliada en Palma de Mallorca, calle Manacor, 249 e inscrita en el Registro Mercantil de Palma de Mallorca, al Tomo 2707, folio 201, hoja n\u00famero PM-81.431 informa a los Usuarios de [&hellip;]","og_url":"https:\/\/www.agamagrangesdemallorca.com\/ca\/avis-legal\/","og_site_name":"AGAMA | Leche de granjas de Mallorca","article_publisher":"https:\/\/www.facebook.com\/laccao.mallorca","article_modified_time":"2024-02-19T13:12:49+00:00","twitter_card":"summary_large_image","schema":{"@context":"https:\/\/schema.org","@graph":[{"@type":"WebPage","@id":"https:\/\/www.agamagrangesdemallorca.com\/ca\/avis-legal\/","url":"https:\/\/www.agamagrangesdemallorca.com\/ca\/avis-legal\/","name":"Avis legal - AGAMA | Leche de granjas de Mallorca","isPartOf":{"@id":"https:\/\/www.agamagrangesdemallorca.com\/ca\/#website"},"datePublished":"2024-02-19T09:31:55+00:00","dateModified":"2024-02-19T13:12:49+00:00","breadcrumb":{"@id":"https:\/\/www.agamagrangesdemallorca.com\/ca\/avis-legal\/#breadcrumb"},"inLanguage":"ca","potentialAction":[{"@type":"ReadAction","target":["https:\/\/www.agamagrangesdemallorca.com\/ca\/avis-legal\/"]}]},{"@type":"BreadcrumbList","@id":"https:\/\/www.agamagrangesdemallorca.com\/ca\/avis-legal\/#breadcrumb","itemListElement":[{"@type":"ListItem","position":1,"name":"Portada","item":"https:\/\/www.agamagrangesdemallorca.com\/ca\/"},{"@type":"ListItem","position":2,"name":"Avis legal"}]},{"@type":"WebSite","@id":"https:\/\/www.agamagrangesdemallorca.com\/ca\/#website","url":"https:\/\/www.agamagrangesdemallorca.com\/ca\/","name":"AGAMA | Leche de granjas de Mallorca","description":"Desde 1958 las Granjas de Mallorca nos suministran leche reci\u00e9n orde\u00f1ada para elaborar nuestros deliciosos productos AGAMA.","publisher":{"@id":"https:\/\/www.agamagrangesdemallorca.com\/ca\/#organization"},"potentialAction":[{"@type":"SearchAction","target":{"@type":"EntryPoint","urlTemplate":"https:\/\/www.agamagrangesdemallorca.com\/ca\/?s={search_term_string}"},"query-input":{"@type":"PropertyValueSpecification","valueRequired":true,"valueName":"search_term_string"}}],"inLanguage":"ca"},{"@type":"Organization","@id":"https:\/\/www.agamagrangesdemallorca.com\/ca\/#organization","name":"AGAMA | Leche de granjas de Mallorca","url":"https:\/\/www.agamagrangesdemallorca.com\/ca\/","logo":{"@type":"ImageObject","inLanguage":"ca","@id":"https:\/\/www.agamagrangesdemallorca.com\/ca\/#\/schema\/logo\/image\/","url":"https:\/\/agamagrangesdemallorca.com\/wp-content\/uploads\/2024\/02\/agama-asociacion-general-agraria-mallorquina-b.svg","contentUrl":"https:\/\/agamagrangesdemallorca.com\/wp-content\/uploads\/2024\/02\/agama-asociacion-general-agraria-mallorquina-b.svg","width":"1024","height":"1024","caption":"AGAMA | Leche de granjas de Mallorca"},"image":{"@id":"https:\/\/www.agamagrangesdemallorca.com\/ca\/#\/schema\/logo\/image\/"},"sameAs":["https:\/\/www.facebook.com\/laccao.mallorca","https:\/\/www.instagram.com\/agamamallorca\/","https:\/\/www.pinterest.es\/laccao\/"]}]}},"_links":{"self":[{"href":"https:\/\/www.agamagrangesdemallorca.com\/ca\/wp-json\/wp\/v2\/pages\/109","targetHints":{"allow":["GET"]}}],"collection":[{"href":"https:\/\/www.agamagrangesdemallorca.com\/ca\/wp-json\/wp\/v2\/pages"}],"about":[{"href":"https:\/\/www.agamagrangesdemallorca.com\/ca\/wp-json\/wp\/v2\/types\/page"}],"author":[{"embeddable":true,"href":"https:\/\/www.agamagrangesdemallorca.com\/ca\/wp-json\/wp\/v2\/users\/1"}],"replies":[{"embeddable":true,"href":"https:\/\/www.agamagrangesdemallorca.com\/ca\/wp-json\/wp\/v2\/comments?post=109"}],"version-history":[{"count":0,"href":"https:\/\/www.agamagrangesdemallorca.com\/ca\/wp-json\/wp\/v2\/pages\/109\/revisions"}],"wp:attachment":[{"href":"https:\/\/www.agamagrangesdemallorca.com\/ca\/wp-json\/wp\/v2\/media?parent=109"}],"curies":[{"name":"wp","href":"https:\/\/api.w.org\/{rel}","templated":true}]}}