{"id":155,"date":"2024-02-27T08:11:57","date_gmt":"2024-02-27T07:11:57","guid":{"rendered":"https:\/\/agamagrangesdemallorca.com\/canal-de-denuncias\/"},"modified":"2025-01-27T09:46:53","modified_gmt":"2025-01-27T08:46:53","slug":"canal-de-denuncies","status":"publish","type":"page","link":"https:\/\/www.agamagrangesdemallorca.com\/ca\/canal-de-denuncies\/","title":{"rendered":"Canal de den\u00fancies"},"content":{"rendered":"\n<h2 class=\"wp-block-heading has-text-align-left\">SISTEMA INTERN D\u2019INFORMACI\u00d3<\/h2>\n\n\n\n<p><strong>AGAMA MANACOR 249, S.L.<\/strong> (d\u2019ara endavant AGAMA) disposa d\u2019un Sistema Intern de Informaci\u00f3 -Canal de Den\u00fancies- que permet denunciar, en el context laboral o professional d\u2019AGAMA i sota la protecci\u00f3 de la llei, qualsevol irregularitat que pugui constituir una infracci\u00f3 penal o administrativa greu o molt greu.<\/p>\n\n\n\n<p>Podran utilitzar aquest canal les seg\u00fcents persones:<\/p>\n\n\n\n<ul class=\"wp-block-list\">\n<li>Els empleats i accionistes.<\/li>\n\n\n\n<li>Aut\u00f2noms.<\/li>\n\n\n\n<li>Qualsevol persona que treballi per a o sota la supervisi\u00f3 i direcci\u00f3 de contractistes, subcontractistes i prove\u00efdors.<\/li>\n\n\n\n<li>Aquelles persones que comuniquin informaci\u00f3 sobre infraccions obtinguda en el marc d\u2019una relaci\u00f3 laboral o estatut\u00e0ria ja finalitzada.<\/li>\n\n\n\n<li>Voluntaris, becaris i treballadors en per\u00edodes de formaci\u00f3.<\/li>\n\n\n\n<li>Aquelles persones la relaci\u00f3 laboral de les quals encara no hagi comen\u00e7at en els casos en qu\u00e8 la informaci\u00f3 sobre infraccions s\u2019hagi obtingut durant el proc\u00e9s de selecci\u00f3.<\/li>\n<\/ul>\n\n\n\n<p>Per a realitzar qualsevol den\u00fancia, consulta o suggeriment (nominativa o an\u00f2nima), podeu utilitzar l\u2019enlla\u00e7 seg\u00fcent: <strong><a href=\"https:\/\/centinela.lefebvre.es\/public\/concept\/2202308?access=yakyJ4xrz%2BnvmFgCC7BqJt6V%2BBMJw5ZHVneF8LsunRM%3D\" target=\"_blank\" rel=\"noreferrer noopener nofollow\">Canal de Den\u00fancies d\u2019AGAMA<\/a><\/strong>.<\/p>\n\n\n\n<p>Teniu a la vostra disposici\u00f3 la <strong><a href=\"\/wp-content\/uploads\/2025\/01\/Politica-del-Sistema-Interno-de-Informacion-AGAMA.pdf\" target=\"_blank\" rel=\"noreferrer noopener nofollow\">Pol\u00edtica del Sistema Intern d\u2019Informaci\u00f3<\/a><\/strong>, on es regulen els drets i garanties que assisteixen als informants.<\/p>\n\n\n\n<p>Les den\u00fancies rebudes es tramitaran amb la m\u00e0xima dilig\u00e8ncia i celeritat mitjan\u00e7ant la seva investigaci\u00f3 i impulsant les mesures per a la seva resoluci\u00f3, d\u2019acord amb els procediments interns establerts a la Pol\u00edtica de Gesti\u00f3 del Sistema Intern d\u2019Informaci\u00f3 i la resta de normativa interna de la companyia.<\/p>\n\n\n\n<p>Per a reclamacions comercials, sol\u00b7licitud d\u2019informaci\u00f3, incid\u00e8ncies de facturaci\u00f3 o incid\u00e8ncies amb els productes o serveis, si us plau, contacteu amb el servei d\u2019Atenci\u00f3 al Client o Consumidor.<\/p>\n","protected":false},"excerpt":{"rendered":"<p>SISTEMA INTERN D\u2019INFORMACI\u00d3 AGAMA MANACOR 249, S.L. (d\u2019ara endavant AGAMA) disposa d\u2019un Sistema Intern de Informaci\u00f3 -Canal de Den\u00fancies- que permet denunciar, en el context laboral o professional d\u2019AGAMA i sota la protecci\u00f3 de la llei, qualsevol irregularitat que pugui constituir una infracci\u00f3 penal o administrativa greu o molt greu. Podran utilitzar aquest canal les [&hellip;]<\/p>\n","protected":false},"author":1,"featured_media":0,"parent":0,"menu_order":90,"comment_status":"closed","ping_status":"closed","template":"page-legal.php","meta":{"_acf_changed":false,"inline_featured_image":false,"footnotes":""},"class_list":["post-155","page","type-page","status-publish","hentry"],"acf":[],"yoast_head":"<!-- This site is optimized with the Yoast SEO plugin v25.5 - https:\/\/yoast.com\/wordpress\/plugins\/seo\/ -->\n<title>Canal de den\u00fancies - AGAMA | Leche de granjas de Mallorca<\/title>\n<meta name=\"robots\" content=\"index, follow, max-snippet:-1, max-image-preview:large, max-video-preview:-1\" \/>\n<link rel=\"canonical\" href=\"https:\/\/www.agamagrangesdemallorca.com\/ca\/canal-de-denuncies\/\" \/>\n<meta property=\"og:locale\" content=\"ca_ES\" \/>\n<meta property=\"og:type\" content=\"article\" \/>\n<meta property=\"og:title\" content=\"Canal de den\u00fancies - AGAMA | Leche de granjas de Mallorca\" \/>\n<meta property=\"og:description\" content=\"SISTEMA INTERN D\u2019INFORMACI\u00d3 AGAMA MANACOR 249, S.L. (d\u2019ara endavant AGAMA) disposa d\u2019un Sistema Intern de Informaci\u00f3 -Canal de Den\u00fancies- que permet denunciar, en el context laboral o professional d\u2019AGAMA i sota la protecci\u00f3 de la llei, qualsevol irregularitat que pugui constituir una infracci\u00f3 penal o administrativa greu o molt greu. Podran utilitzar aquest canal les [&hellip;]\" \/>\n<meta property=\"og:url\" content=\"https:\/\/www.agamagrangesdemallorca.com\/ca\/canal-de-denuncies\/\" \/>\n<meta property=\"og:site_name\" content=\"AGAMA | Leche de granjas de Mallorca\" \/>\n<meta property=\"article:publisher\" content=\"https:\/\/www.facebook.com\/laccao.mallorca\" \/>\n<meta property=\"article:modified_time\" content=\"2025-01-27T08:46:53+00:00\" \/>\n<meta name=\"twitter:card\" content=\"summary_large_image\" \/>\n<meta name=\"twitter:label1\" content=\"Temps estimat de lectura\" \/>\n\t<meta name=\"twitter:data1\" content=\"2 minuts\" \/>\n<script type=\"application\/ld+json\" class=\"yoast-schema-graph\">{\"@context\":\"https:\/\/schema.org\",\"@graph\":[{\"@type\":\"WebPage\",\"@id\":\"https:\/\/www.agamagrangesdemallorca.com\/ca\/canal-de-denuncies\/\",\"url\":\"https:\/\/www.agamagrangesdemallorca.com\/ca\/canal-de-denuncies\/\",\"name\":\"Canal de den\u00fancies - AGAMA | Leche de granjas de Mallorca\",\"isPartOf\":{\"@id\":\"https:\/\/www.agamagrangesdemallorca.com\/ca\/#website\"},\"datePublished\":\"2024-02-27T07:11:57+00:00\",\"dateModified\":\"2025-01-27T08:46:53+00:00\",\"breadcrumb\":{\"@id\":\"https:\/\/www.agamagrangesdemallorca.com\/ca\/canal-de-denuncies\/#breadcrumb\"},\"inLanguage\":\"ca\",\"potentialAction\":[{\"@type\":\"ReadAction\",\"target\":[\"https:\/\/www.agamagrangesdemallorca.com\/ca\/canal-de-denuncies\/\"]}]},{\"@type\":\"BreadcrumbList\",\"@id\":\"https:\/\/www.agamagrangesdemallorca.com\/ca\/canal-de-denuncies\/#breadcrumb\",\"itemListElement\":[{\"@type\":\"ListItem\",\"position\":1,\"name\":\"Portada\",\"item\":\"https:\/\/www.agamagrangesdemallorca.com\/ca\/\"},{\"@type\":\"ListItem\",\"position\":2,\"name\":\"Canal de den\u00fancies\"}]},{\"@type\":\"WebSite\",\"@id\":\"https:\/\/www.agamagrangesdemallorca.com\/ca\/#website\",\"url\":\"https:\/\/www.agamagrangesdemallorca.com\/ca\/\",\"name\":\"AGAMA | Leche de granjas de Mallorca\",\"description\":\"Desde 1958 las Granjas de Mallorca nos suministran leche reci\u00e9n orde\u00f1ada para elaborar nuestros deliciosos productos AGAMA.\",\"publisher\":{\"@id\":\"https:\/\/www.agamagrangesdemallorca.com\/ca\/#organization\"},\"potentialAction\":[{\"@type\":\"SearchAction\",\"target\":{\"@type\":\"EntryPoint\",\"urlTemplate\":\"https:\/\/www.agamagrangesdemallorca.com\/ca\/?s={search_term_string}\"},\"query-input\":{\"@type\":\"PropertyValueSpecification\",\"valueRequired\":true,\"valueName\":\"search_term_string\"}}],\"inLanguage\":\"ca\"},{\"@type\":\"Organization\",\"@id\":\"https:\/\/www.agamagrangesdemallorca.com\/ca\/#organization\",\"name\":\"AGAMA | Leche de granjas de Mallorca\",\"url\":\"https:\/\/www.agamagrangesdemallorca.com\/ca\/\",\"logo\":{\"@type\":\"ImageObject\",\"inLanguage\":\"ca\",\"@id\":\"https:\/\/www.agamagrangesdemallorca.com\/ca\/#\/schema\/logo\/image\/\",\"url\":\"https:\/\/agamagrangesdemallorca.com\/wp-content\/uploads\/2024\/02\/agama-asociacion-general-agraria-mallorquina-b.svg\",\"contentUrl\":\"https:\/\/agamagrangesdemallorca.com\/wp-content\/uploads\/2024\/02\/agama-asociacion-general-agraria-mallorquina-b.svg\",\"width\":\"1024\",\"height\":\"1024\",\"caption\":\"AGAMA | Leche de granjas de Mallorca\"},\"image\":{\"@id\":\"https:\/\/www.agamagrangesdemallorca.com\/ca\/#\/schema\/logo\/image\/\"},\"sameAs\":[\"https:\/\/www.facebook.com\/laccao.mallorca\",\"https:\/\/www.instagram.com\/agamamallorca\/\",\"https:\/\/www.pinterest.es\/laccao\/\"]}]}<\/script>\n<!-- \/ Yoast SEO plugin. -->","yoast_head_json":{"title":"Canal de den\u00fancies - AGAMA | Leche de granjas de Mallorca","robots":{"index":"index","follow":"follow","max-snippet":"max-snippet:-1","max-image-preview":"max-image-preview:large","max-video-preview":"max-video-preview:-1"},"canonical":"https:\/\/www.agamagrangesdemallorca.com\/ca\/canal-de-denuncies\/","og_locale":"ca_ES","og_type":"article","og_title":"Canal de den\u00fancies - AGAMA | Leche de granjas de Mallorca","og_description":"SISTEMA INTERN D\u2019INFORMACI\u00d3 AGAMA MANACOR 249, S.L. (d\u2019ara endavant AGAMA) disposa d\u2019un Sistema Intern de Informaci\u00f3 -Canal de Den\u00fancies- que permet denunciar, en el context laboral o professional d\u2019AGAMA i sota la protecci\u00f3 de la llei, qualsevol irregularitat que pugui constituir una infracci\u00f3 penal o administrativa greu o molt greu. Podran utilitzar aquest canal les [&hellip;]","og_url":"https:\/\/www.agamagrangesdemallorca.com\/ca\/canal-de-denuncies\/","og_site_name":"AGAMA | Leche de granjas de Mallorca","article_publisher":"https:\/\/www.facebook.com\/laccao.mallorca","article_modified_time":"2025-01-27T08:46:53+00:00","twitter_card":"summary_large_image","twitter_misc":{"Temps estimat de lectura":"2 minuts"},"schema":{"@context":"https:\/\/schema.org","@graph":[{"@type":"WebPage","@id":"https:\/\/www.agamagrangesdemallorca.com\/ca\/canal-de-denuncies\/","url":"https:\/\/www.agamagrangesdemallorca.com\/ca\/canal-de-denuncies\/","name":"Canal de den\u00fancies - AGAMA | Leche de granjas de Mallorca","isPartOf":{"@id":"https:\/\/www.agamagrangesdemallorca.com\/ca\/#website"},"datePublished":"2024-02-27T07:11:57+00:00","dateModified":"2025-01-27T08:46:53+00:00","breadcrumb":{"@id":"https:\/\/www.agamagrangesdemallorca.com\/ca\/canal-de-denuncies\/#breadcrumb"},"inLanguage":"ca","potentialAction":[{"@type":"ReadAction","target":["https:\/\/www.agamagrangesdemallorca.com\/ca\/canal-de-denuncies\/"]}]},{"@type":"BreadcrumbList","@id":"https:\/\/www.agamagrangesdemallorca.com\/ca\/canal-de-denuncies\/#breadcrumb","itemListElement":[{"@type":"ListItem","position":1,"name":"Portada","item":"https:\/\/www.agamagrangesdemallorca.com\/ca\/"},{"@type":"ListItem","position":2,"name":"Canal de den\u00fancies"}]},{"@type":"WebSite","@id":"https:\/\/www.agamagrangesdemallorca.com\/ca\/#website","url":"https:\/\/www.agamagrangesdemallorca.com\/ca\/","name":"AGAMA | Leche de granjas de Mallorca","description":"Desde 1958 las Granjas de Mallorca nos suministran leche reci\u00e9n orde\u00f1ada para elaborar nuestros deliciosos productos AGAMA.","publisher":{"@id":"https:\/\/www.agamagrangesdemallorca.com\/ca\/#organization"},"potentialAction":[{"@type":"SearchAction","target":{"@type":"EntryPoint","urlTemplate":"https:\/\/www.agamagrangesdemallorca.com\/ca\/?s={search_term_string}"},"query-input":{"@type":"PropertyValueSpecification","valueRequired":true,"valueName":"search_term_string"}}],"inLanguage":"ca"},{"@type":"Organization","@id":"https:\/\/www.agamagrangesdemallorca.com\/ca\/#organization","name":"AGAMA | Leche de granjas de Mallorca","url":"https:\/\/www.agamagrangesdemallorca.com\/ca\/","logo":{"@type":"ImageObject","inLanguage":"ca","@id":"https:\/\/www.agamagrangesdemallorca.com\/ca\/#\/schema\/logo\/image\/","url":"https:\/\/agamagrangesdemallorca.com\/wp-content\/uploads\/2024\/02\/agama-asociacion-general-agraria-mallorquina-b.svg","contentUrl":"https:\/\/agamagrangesdemallorca.com\/wp-content\/uploads\/2024\/02\/agama-asociacion-general-agraria-mallorquina-b.svg","width":"1024","height":"1024","caption":"AGAMA | Leche de granjas de Mallorca"},"image":{"@id":"https:\/\/www.agamagrangesdemallorca.com\/ca\/#\/schema\/logo\/image\/"},"sameAs":["https:\/\/www.facebook.com\/laccao.mallorca","https:\/\/www.instagram.com\/agamamallorca\/","https:\/\/www.pinterest.es\/laccao\/"]}]}},"_links":{"self":[{"href":"https:\/\/www.agamagrangesdemallorca.com\/ca\/wp-json\/wp\/v2\/pages\/155","targetHints":{"allow":["GET"]}}],"collection":[{"href":"https:\/\/www.agamagrangesdemallorca.com\/ca\/wp-json\/wp\/v2\/pages"}],"about":[{"href":"https:\/\/www.agamagrangesdemallorca.com\/ca\/wp-json\/wp\/v2\/types\/page"}],"author":[{"embeddable":true,"href":"https:\/\/www.agamagrangesdemallorca.com\/ca\/wp-json\/wp\/v2\/users\/1"}],"replies":[{"embeddable":true,"href":"https:\/\/www.agamagrangesdemallorca.com\/ca\/wp-json\/wp\/v2\/comments?post=155"}],"version-history":[{"count":2,"href":"https:\/\/www.agamagrangesdemallorca.com\/ca\/wp-json\/wp\/v2\/pages\/155\/revisions"}],"predecessor-version":[{"id":211,"href":"https:\/\/www.agamagrangesdemallorca.com\/ca\/wp-json\/wp\/v2\/pages\/155\/revisions\/211"}],"wp:attachment":[{"href":"https:\/\/www.agamagrangesdemallorca.com\/ca\/wp-json\/wp\/v2\/media?parent=155"}],"curies":[{"name":"wp","href":"https:\/\/api.w.org\/{rel}","templated":true}]}}